{"id":4396,"date":"2022-11-02T22:17:39","date_gmt":"2022-11-02T21:17:39","guid":{"rendered":"https:\/\/www.kuponradar.cz\/?page_id=4396"},"modified":"2023-01-15T21:34:42","modified_gmt":"2023-01-15T20:34:42","slug":"home","status":"publish","type":"page","link":"http:\/\/www.kuponradar.cz\/","title":{"rendered":"Home"},"content":{"rendered":"\n<div class=\"affcoups\" data-template=\"list\"><div class=\"affcoups-coupons-list\"><div class=\"affcoups-coupon affcoups-coupon--style-standard\" id=\"affcoups-coupon-4394\" data-affcoups-coupon-id=\"4394\" data-affcoups-coupon-title=\"Poji\u0161t\u011bn\u00ed.cz\"><span class=\"affcoups-coupon__discount\">15<\/span><div class=\"affcoups-coupon__header\"><a class=\"affcoups-coupon__thumbnail\" href=\"https:\/\/online.pojisteni.cz\/?ap=pCva8B\" title=\"Poji\u0161t\u011bn\u00ed majetku 15%\" target=\"_blank\" rel=\"nofollow\"><img decoding=\"async\" class=\"affcoups-coupon__image\" src=\"http:\/\/www.kuponradar.cz\/wp-content\/uploads\/2023\/01\/logo-220.png\" alt=\"Poji\u0161t\u011bn\u00ed majetku 15%\" \/><\/a>                                    <\/div><div class=\"affcoups-coupon__content\"><span class=\"affcoups-coupon__title\">Poji\u0161t\u011bn\u00ed majetku 15%<\/span><div class=\"affcoups-coupon__description\"><div class=\"affcoups-coupon__description-excerpt\">popis        <\/div><div class=\"affcoups-coupon__description-full\">popis            <a href=\"#\" class=\"affcoups-toggle-desc\" data-blub=\"true\" data-affcoups-toggle-desc=\"true\">Show Less<\/a><\/div><\/div><\/div><div class=\"affcoups-coupon__footer\"><div class=\"affcoups-coupon__code\"><div class=\"affcoups-clipboard affcoups-clipboard--icon\" data-affcoups-coupon-id=\"4394\" data-affcoups-clipboard=\"true\" data-clipboard-text=\"M15ZCQAGD9\" data-affcoups-clipboard-confirmation-text=\"Copied!\"><span class=\"affcoups-clipboard__icon affcoups-clipboard__icon--cut\"><\/span><span class=\"affcoups-clipboard__text\">M15ZCQAGD9<\/span><\/div><\/div><a class=\"affcoups-coupon__button\" href=\"https:\/\/online.pojisteni.cz\/?ap=pCva8B\" title=\"aktivovat slevu\" rel=\"nofollow\" target=\"_blank\"><span class=\"affcoups-icon-cart affcoups-coupon__button-icon\"><\/span><span class=\"affcoups-coupon__button-text\">aktivovat slevu<\/span><\/a><\/div><\/div><\/div><\/div><!-- \/.affcoups -->\n\n\n\n<p><\/p>\n","protected":false},"excerpt":{"rendered":"","protected":false},"author":1,"featured_media":0,"parent":0,"menu_order":0,"comment_status":"closed","ping_status":"closed","template":"","meta":{"footnotes":""},"class_list":["post-4396","page","type-page","status-publish","hentry"],"aioseo_notices":[],"_links":{"self":[{"href":"http:\/\/www.kuponradar.cz\/index.php\/wp-json\/wp\/v2\/pages\/4396","targetHints":{"allow":["GET"]}}],"collection":[{"href":"http:\/\/www.kuponradar.cz\/index.php\/wp-json\/wp\/v2\/pages"}],"about":[{"href":"http:\/\/www.kuponradar.cz\/index.php\/wp-json\/wp\/v2\/types\/page"}],"author":[{"embeddable":true,"href":"http:\/\/www.kuponradar.cz\/index.php\/wp-json\/wp\/v2\/users\/1"}],"replies":[{"embeddable":true,"href":"http:\/\/www.kuponradar.cz\/index.php\/wp-json\/wp\/v2\/comments?post=4396"}],"version-history":[{"count":7,"href":"http:\/\/www.kuponradar.cz\/index.php\/wp-json\/wp\/v2\/pages\/4396\/revisions"}],"predecessor-version":[{"id":4413,"href":"http:\/\/www.kuponradar.cz\/index.php\/wp-json\/wp\/v2\/pages\/4396\/revisions\/4413"}],"wp:attachment":[{"href":"http:\/\/www.kuponradar.cz\/index.php\/wp-json\/wp\/v2\/media?parent=4396"}],"curies":[{"name":"wp","href":"https:\/\/api.w.org\/{rel}","templated":true}]}}